{"id":6,"date":"2026-02-01T21:10:35","date_gmt":"2026-02-01T21:10:35","guid":{"rendered":"https:\/\/reliure-sarel.eu\/?page_id=6"},"modified":"2026-02-15T17:07:09","modified_gmt":"2026-02-15T17:07:09","slug":"atelier-de-reliure-sarel","status":"publish","type":"page","link":"https:\/\/reliure-sarel.eu\/index.php\/atelier-de-reliure-sarel\/","title":{"rendered":"Bienvenue!"},"content":{"rendered":"\n<h1 class=\"wp-block-heading has-text-align-center\"><strong>Atelier de Reliure SAREL<\/strong><\/h1>\n\n\n\n<p class=\"has-text-align-center\">54 rue Marc Seguin 68200 MULHOUSE <\/p>\n\n\n\n<figure class=\"wp-block-image aligncenter size-large is-resized\"><img loading=\"lazy\" decoding=\"async\" width=\"1024\" height=\"402\" src=\"https:\/\/reliure-sarel.eu\/wp-content\/uploads\/2026\/02\/Logo-principal-Sarel.png\" alt=\"\" class=\"wp-image-15\" style=\"aspect-ratio:2.5473619253316877;width:283px;height:auto\" srcset=\"https:\/\/reliure-sarel.eu\/wp-content\/uploads\/2026\/02\/Logo-principal-Sarel.png 1024w, https:\/\/reliure-sarel.eu\/wp-content\/uploads\/2026\/02\/Logo-principal-Sarel-300x118.png 300w, https:\/\/reliure-sarel.eu\/wp-content\/uploads\/2026\/02\/Logo-principal-Sarel-768x302.png 768w\" sizes=\"auto, (max-width: 1024px) 100vw, 1024px\" \/><\/figure>\n\n\n\n<div class=\"wp-block-columns alignwide is-layout-flex wp-container-core-columns-is-layout-66fad18a wp-block-columns-is-layout-flex\">\n<div class=\"wp-block-column is-layout-flow wp-block-column-is-layout-flow\" style=\"padding-right:var(--wp--preset--spacing--50);flex-basis:45%\">\n<figure class=\"wp-block-image size-full is-resized\" id=\"reliure-Sarel\" style=\"margin-right:-5vw;margin-left:-5vw\"><img loading=\"lazy\" decoding=\"async\" width=\"2016\" height=\"1512\" src=\"https:\/\/reliure-sarel.eu\/wp-content\/uploads\/2026\/02\/atelier-3-rotated.jpg\" alt=\"une vue des ateliers\" class=\"wp-image-9\" title=\"la partie reliure des ateliers\" srcset=\"https:\/\/reliure-sarel.eu\/wp-content\/uploads\/2026\/02\/atelier-3-rotated.jpg 2016w, https:\/\/reliure-sarel.eu\/wp-content\/uploads\/2026\/02\/atelier-3-300x225.jpg 300w, https:\/\/reliure-sarel.eu\/wp-content\/uploads\/2026\/02\/atelier-3-1024x768.jpg 1024w, https:\/\/reliure-sarel.eu\/wp-content\/uploads\/2026\/02\/atelier-3-768x576.jpg 768w, https:\/\/reliure-sarel.eu\/wp-content\/uploads\/2026\/02\/atelier-3-1536x1152.jpg 1536w\" sizes=\"auto, (max-width: 2016px) 100vw, 2016px\" \/><\/figure>\n\n\n\n<figure class=\"wp-block-image size-large\"><img loading=\"lazy\" decoding=\"async\" width=\"768\" height=\"1024\" src=\"https:\/\/reliure-sarel.eu\/wp-content\/uploads\/2026\/02\/IMG_3601-1-768x1024.jpg\" alt=\"\" class=\"wp-image-34\" srcset=\"https:\/\/reliure-sarel.eu\/wp-content\/uploads\/2026\/02\/IMG_3601-1-768x1024.jpg 768w, https:\/\/reliure-sarel.eu\/wp-content\/uploads\/2026\/02\/IMG_3601-1-225x300.jpg 225w, https:\/\/reliure-sarel.eu\/wp-content\/uploads\/2026\/02\/IMG_3601-1-1152x1536.jpg 1152w, https:\/\/reliure-sarel.eu\/wp-content\/uploads\/2026\/02\/IMG_3601-1-1536x2048.jpg 1536w, https:\/\/reliure-sarel.eu\/wp-content\/uploads\/2026\/02\/IMG_3601-1-scaled.jpg 1920w\" sizes=\"auto, (max-width: 768px) 100vw, 768px\" \/><\/figure>\n\n\n\n<figure class=\"wp-block-image size-full\"><img loading=\"lazy\" decoding=\"async\" width=\"932\" height=\"387\" src=\"http:\/\/reliure-sarel.eu\/wp-content\/uploads\/2026\/02\/LogoAtelierSAREL_QuadriPetit.jpg\" alt=\"Sarel depuis 1949\" class=\"wp-image-14\" srcset=\"https:\/\/reliure-sarel.eu\/wp-content\/uploads\/2026\/02\/LogoAtelierSAREL_QuadriPetit.jpg 932w, https:\/\/reliure-sarel.eu\/wp-content\/uploads\/2026\/02\/LogoAtelierSAREL_QuadriPetit-300x125.jpg 300w, https:\/\/reliure-sarel.eu\/wp-content\/uploads\/2026\/02\/LogoAtelierSAREL_QuadriPetit-768x319.jpg 768w\" sizes=\"auto, (max-width: 932px) 100vw, 932px\" \/><\/figure>\n<\/div>\n\n\n\n<div class=\"wp-block-column is-vertically-aligned-center is-layout-flow wp-block-column-is-layout-flow\" style=\"padding-right:0;padding-left:0;flex-basis:50%\">\n<div class=\"wp-block-group is-vertical is-layout-flex wp-container-core-group-is-layout-fe9cc265 wp-block-group-is-layout-flex\">\n<h2 class=\"wp-block-heading is-style-text-annotation is-style-text-annotation--1\">A propos de l&#8217; Atelier<\/h2>\n<\/div>\n\n\n\n<p class=\"has-text-align-center is-style-text-subtitle is-style-text-subtitle--2\"><sub>L&#8217;Atelier de Reliures SAREL a \u00e9t\u00e9 cr\u00e9\u00e9 en 1949, et fonctionne sans interruption depuis cette date. <\/sub><\/p>\n\n\n\n<p class=\"has-text-align-center\">Aujourd&#8217;hui, l&#8217;Atelier emploie 3 personnes \u00e0 Mulhouse et est rattach\u00e9 \u00e0 la SAS &#8220;Ateliers de Reliure SAREL et Marchal&#8221;, avec au total 5 artisans sp\u00e9cialis\u00e9s en reliure d&#8217;art et restauration de livres anciens.<\/p>\n\n\n\n<p class=\"has-text-align-center\">En 2022, l&#8217;Atelier devait dispara\u00eetre apr\u00e8s le d\u00e9c\u00e8s de son pr\u00e9c\u00e9dent g\u00e9rant, Michel Kaufmann. Un relieur strasbourgeois a d\u00e9cid\u00e9 de sauver l&#8217;activit\u00e9 et de pr\u00e9server un emploi <a href=\"https:\/\/reliure-sarel.eu\/wp-admin\/site-editor.php?p=%2Fwp_template%2Ftwentytwentyfive%2F%2Fhome&amp;canvas=edit\">(voir notre page &#8220;histoire&#8221;<\/a>).<\/p>\n\n\n\n<p class=\"has-text-align-center\">Depuis, l&#8217;activit\u00e9 a fortement progress\u00e9 et la SAREL fait maintenant partie de la structure &#8220;SAS Ateliers de reliure SAREL et Marchal&#8221;, tout en continuant son activit\u00e9.<\/p>\n\n\n\n<p class=\"has-text-align-center\"><sub>De nombreuses r\u00e9compenses sont venues r\u00e9compenser le travail de notre petite \u00e9quipe et ainsi confirmer la p\u00e9rennit\u00e9 de l&#8217;activit\u00e9 : <\/sub><\/p>\n\n\n\n<ul class=\"wp-block-list\">\n<li><sub>laur\u00e9at des <a href=\"https:\/\/www.tropheespmermcbfm.fr\/\">Troph\u00e9es PME RMC BFM <\/a>Grand Est deux ann\u00e9es de suite,<\/sub><\/li>\n\n\n\n<li><sub>Troph\u00e9e d&#8217;Or de la Transition Energ\u00e9tique, <\/sub><\/li>\n\n\n\n<li><sub><a href=\"https:\/\/www.strasbourg.eu\/eco-defis\">Eco-d\u00e9fis<\/a>, <\/sub><\/li>\n\n\n\n<li><sub><a href=\"https:\/\/www.strasbourg.eu\/start-rse\">Start- RSE<\/a>, <\/sub><\/li>\n\n\n\n<li><sub><a href=\"https:\/\/www.excellence.alsace\/\">Alsace Excellence, <\/a><\/sub><\/li>\n\n\n\n<li><sub><a href=\"https:\/\/www.fabrique.alsace\/\">Fabriqu\u00e9 en Alsace<\/a>, <\/sub><\/li>\n\n\n\n<li><sub>Laur\u00e9at France 2030,<\/sub><\/li>\n\n\n\n<li><sub>Petit Fut\u00e9 2024 et 2025 <a href=\"https:\/\/www.petitfute.com\/v208-illkirch-graffenstaden-67400\/c1173-visites-points-d-interet\/c976-archeologie-artisanat-science-et-technique\/c978-artisanat\/1760170-atelier-de-reliures-d-art-marchal.html\">cat\u00e9gorie artisanat<\/a><\/sub>, <\/li>\n\n\n\n<li><sub>membre des<a href=\"https:\/\/ateliersdart.com\/\"> Ateliers d&#8217;Art de France<\/a><\/sub>,<\/li>\n\n\n\n<li><sub>label &#8220;<a href=\"https:\/\/www.strasbourg.eu\/tous-unis-plus-biodiversite\">tous unis pour plus de biodiversit\u00e9<\/a>&#8220;<\/sub>: <sub>nos ateliers sont fortement impliqu\u00e9s dans la pr\u00e9servation de nos ressources avec de nombreuses actions concr\u00e8tes et il en va de m\u00eame dans la transmission des savoirs<\/sub>, <sub>via l&#8217;atelier-Ecole d&#8217;Illkirch. <\/sub><\/li>\n<\/ul>\n\n\n\n<p class=\"has-text-align-center\"><sub>Les ateliers animent des modules de d\u00e9couverte de la reliure \u00e0 <a href=\"https:\/\/www.universitepopulaire.fr\">l&#8217;Universit\u00e9 populaire de Mulhouse<\/a>, \u00e0 l<a href=\"https:\/\/aclig.fr\">&#8216;Association Culture et Loisirs d&#8217;Illkirch<\/a>, et sont membres des associations<a href=\"https:\/\/espace-gutenberg.fr\"> Espace Europ\u00e9en Gutenberg<\/a> et <a href=\"https:\/\/www.autourdulivre.eu\/\">Autour du Livre<\/a><\/sub><\/p>\n\n\n\n<p class=\"has-text-align-center\"><sub>en coop\u00e9ration : Atelier Pergam\u00e9n\u00e9 <a href=\"https:\/\/www.atelier-pergamene.com\/\">https:\/\/www.atelier-pergamene.com\/<\/a> et Reliure de Caract\u00e8res <a href=\"https:\/\/reliuredecaracteres.my.canva.site\/\">https:\/\/reliuredecaracteres.my.canva.site\/<\/a><\/sub><\/p>\n\n\n\n<p class=\"has-text-align-center\">pour en savoir plus : <a href=\"https:\/\/www.reliure-marchal.eu\">https:\/\/www.reliure-marchal.eu<\/a><\/p>\n<\/div>\n<\/div>\n\n\n\n<div class=\"wp-block-group alignfull has-global-padding is-layout-constrained wp-block-group-is-layout-constrained\" style=\"margin-top:0;margin-bottom:0;padding-top:var(--wp--preset--spacing--60);padding-bottom:var(--wp--preset--spacing--60)\">\n<p class=\"has-text-align-center\">Nos r\u00e9alisations <\/p>\n\n\n\n<p>Reliure d&#8217;actes administratifs:<sub> <\/sub><\/p>\n\n\n\n<p><sub>reliure r\u00e9alis\u00e9e par surjetage de paquets de 10 feuillets, assembl\u00e9es ensuite \u00e0 la main sur trois ou quatre rubans en fonction de la taille du document, collage \u00e0 la colle d&#8217;os, couvrure par embo\u00eetage en dos long ou arrondi, doublage de la couvrure  et du dos en papier neutre<\/sub>. <sub>Dorure en plein<\/sub><\/p>\n\n\n\n<p><sub>Transport aller et retour par nos soins<\/sub><\/p>\n\n\n\n<div class=\"wp-block-cover\" style=\"min-height:334px;aspect-ratio:unset;\"><img loading=\"lazy\" decoding=\"async\" width=\"1024\" height=\"768\" class=\"wp-block-cover__image-background wp-image-52\" alt=\"\" src=\"https:\/\/reliure-sarel.eu\/wp-content\/uploads\/2026\/02\/modele-registre-1024x768.jpg\" data-object-fit=\"cover\" srcset=\"https:\/\/reliure-sarel.eu\/wp-content\/uploads\/2026\/02\/modele-registre-1024x768.jpg 1024w, https:\/\/reliure-sarel.eu\/wp-content\/uploads\/2026\/02\/modele-registre-300x225.jpg 300w, https:\/\/reliure-sarel.eu\/wp-content\/uploads\/2026\/02\/modele-registre-768x576.jpg 768w, https:\/\/reliure-sarel.eu\/wp-content\/uploads\/2026\/02\/modele-registre-1536x1152.jpg 1536w, https:\/\/reliure-sarel.eu\/wp-content\/uploads\/2026\/02\/modele-registre.jpg 1600w\" sizes=\"auto, (max-width: 1024px) 100vw, 1024px\" \/><span aria-hidden=\"true\" class=\"wp-block-cover__background has-background-dim\"><\/span><div class=\"wp-block-cover__inner-container is-layout-flow wp-block-cover-is-layout-flow\">\n<p class=\"has-text-align-center has-large-font-size\">reliure demi-peau en chagrin, titrage oeser, papier marbr\u00e9 ma\u00eetre relieur de couleur assortie<\/p>\n<\/div><\/div>\n\n\n\n<p>Reliures d&#8217;art<\/p>\n\n\n\n<p><sub>un exemple: &#8220;L&#8217;aiguille creuse&#8221; de Maurice Leblanc : reliure sur ais de bois mosa\u00efqu\u00e9 d&#8217;une peau en ch\u00e8vre Corysandre teint\u00e9e, dos en chagrin titr\u00e9 en plein, marque-page en bois et \u00e9tui. <\/sub><\/p>\n\n\n\n<p><sub>A droite: reliure \u00e0 plats rapport\u00e9s, ais en feuille  de pierre avec des inserts \u00e0 la feuille d&#8217;or 22 carats<\/sub>, <sub>tranchefile \u00e0 chapiteau brod\u00e9e main, gardes avec inserts en soie de cactus.<\/sub><\/p>\n\n\n\n<figure class=\"wp-block-gallery has-nested-images columns-default is-cropped wp-block-gallery-3 is-layout-flex wp-block-gallery-is-layout-flex\">\n<figure class=\"wp-block-image size-large is-resized\"><img loading=\"lazy\" decoding=\"async\" width=\"768\" height=\"1024\" data-id=\"31\" src=\"https:\/\/reliure-sarel.eu\/wp-content\/uploads\/2026\/02\/Reliure-dart-Atelier-Marchal-768x1024.jpg\" alt=\"une reliure d'art sur ais de bois, dos en peau, avec \u00e9tui et chemise\" class=\"wp-image-31\" style=\"width:496px;height:auto\" srcset=\"https:\/\/reliure-sarel.eu\/wp-content\/uploads\/2026\/02\/Reliure-dart-Atelier-Marchal-768x1024.jpg 768w, https:\/\/reliure-sarel.eu\/wp-content\/uploads\/2026\/02\/Reliure-dart-Atelier-Marchal-225x300.jpg 225w, https:\/\/reliure-sarel.eu\/wp-content\/uploads\/2026\/02\/Reliure-dart-Atelier-Marchal-1152x1536.jpg 1152w, https:\/\/reliure-sarel.eu\/wp-content\/uploads\/2026\/02\/Reliure-dart-Atelier-Marchal-1536x2048.jpg 1536w, https:\/\/reliure-sarel.eu\/wp-content\/uploads\/2026\/02\/Reliure-dart-Atelier-Marchal-scaled.jpg 1920w\" sizes=\"auto, (max-width: 768px) 100vw, 768px\" \/><\/figure>\n\n\n\n<figure class=\"wp-block-image size-large is-resized is-style-default\"><img loading=\"lazy\" decoding=\"async\" width=\"768\" height=\"1024\" data-id=\"36\" src=\"https:\/\/reliure-sarel.eu\/wp-content\/uploads\/2026\/02\/IMG_2310-768x1024.jpg\" alt=\"\" class=\"wp-image-36\" style=\"width:199px;height:auto\" srcset=\"https:\/\/reliure-sarel.eu\/wp-content\/uploads\/2026\/02\/IMG_2310-768x1024.jpg 768w, https:\/\/reliure-sarel.eu\/wp-content\/uploads\/2026\/02\/IMG_2310-225x300.jpg 225w, https:\/\/reliure-sarel.eu\/wp-content\/uploads\/2026\/02\/IMG_2310-1152x1536.jpg 1152w, https:\/\/reliure-sarel.eu\/wp-content\/uploads\/2026\/02\/IMG_2310-rotated.jpg 1512w\" sizes=\"auto, (max-width: 768px) 100vw, 768px\" \/><\/figure>\n<\/figure>\n\n\n\n<p>Restauration de livres anciens, et de tout document papier:<\/p>\n\n\n\n<p><sub>Restauration en cours d&#8217;un ensemble d&#8217;ouvrages du XVIIIe (exemple). <\/sub><\/p>\n\n\n\n<figure class=\"wp-block-gallery has-nested-images columns-default is-cropped wp-block-gallery-4 is-layout-flex wp-block-gallery-is-layout-flex\">\n<figure class=\"wp-block-image size-large\"><img loading=\"lazy\" decoding=\"async\" width=\"683\" height=\"1024\" data-id=\"11\" src=\"https:\/\/reliure-sarel.eu\/wp-content\/uploads\/2026\/02\/Atelier-Marchal-683x1024.jpg\" alt=\"encyclop\u00e9die de Pellet\" class=\"wp-image-11\" srcset=\"https:\/\/reliure-sarel.eu\/wp-content\/uploads\/2026\/02\/Atelier-Marchal-683x1024.jpg 683w, https:\/\/reliure-sarel.eu\/wp-content\/uploads\/2026\/02\/Atelier-Marchal-200x300.jpg 200w, https:\/\/reliure-sarel.eu\/wp-content\/uploads\/2026\/02\/Atelier-Marchal-768x1152.jpg 768w, https:\/\/reliure-sarel.eu\/wp-content\/uploads\/2026\/02\/Atelier-Marchal-1024x1536.jpg 1024w, https:\/\/reliure-sarel.eu\/wp-content\/uploads\/2026\/02\/Atelier-Marchal-1365x2048.jpg 1365w, https:\/\/reliure-sarel.eu\/wp-content\/uploads\/2026\/02\/Atelier-Marchal-scaled.jpg 1706w\" sizes=\"auto, (max-width: 683px) 100vw, 683px\" \/><figcaption class=\"wp-element-caption\">la biblioth\u00e8que de l&#8217;Atelier<\/figcaption><\/figure>\n<\/figure>\n\n\n\n<p>Dorure: <\/p>\n\n\n\n<p><sub>Police Anglaise, or 22 carats, sur papier Lana Lumi\u00e8re. Carte de visite de prestige. <\/sub><\/p>\n\n\n\n<p><sub>Nous r\u00e9alisons des dorures en plein, sur pi\u00e8ce de titre, sur papiers, \u00e0 la feuille d&#8217;or, \u00e0 l&#8217;Oeser<\/sub>, <sub>au froid naturel, par embossage \u00e0 chaud ou \u00e0 froid<\/sub>. <\/p>\n\n\n\n<figure class=\"wp-block-image size-large is-resized\"><img loading=\"lazy\" decoding=\"async\" width=\"1024\" height=\"768\" src=\"https:\/\/reliure-sarel.eu\/wp-content\/uploads\/2026\/02\/IMG_3194-3-1024x768.jpg\" alt=\"carte de visite de prestige, doure 22 carats\" class=\"wp-image-38\" style=\"width:418px;height:auto\" srcset=\"https:\/\/reliure-sarel.eu\/wp-content\/uploads\/2026\/02\/IMG_3194-3-1024x768.jpg 1024w, https:\/\/reliure-sarel.eu\/wp-content\/uploads\/2026\/02\/IMG_3194-3-300x225.jpg 300w, https:\/\/reliure-sarel.eu\/wp-content\/uploads\/2026\/02\/IMG_3194-3-768x576.jpg 768w, https:\/\/reliure-sarel.eu\/wp-content\/uploads\/2026\/02\/IMG_3194-3-1536x1152.jpg 1536w, https:\/\/reliure-sarel.eu\/wp-content\/uploads\/2026\/02\/IMG_3194-3-2048x1536.jpg 2048w\" sizes=\"auto, (max-width: 1024px) 100vw, 1024px\" \/><\/figure>\n<\/div>\n\n\n\n<div class=\"wp-block-group alignfull has-global-padding is-layout-constrained wp-block-group-is-layout-constrained\" style=\"margin-top:0;margin-bottom:0;padding-top:var(--wp--preset--spacing--50);padding-bottom:var(--wp--preset--spacing--50)\">\n<div class=\"wp-block-group alignwide has-global-padding is-layout-constrained wp-block-group-is-layout-constrained\">\n<h2 class=\"wp-block-heading alignfull has-text-align-left has-xx-large-font-size\"><sub>Pour nous contacter<\/sub><\/h2>\n\n\n\n<div class=\"wp-block-group alignwide is-layout-grid wp-container-core-group-is-layout-5b5f6092 wp-block-group-is-layout-grid\" style=\"border-top-color:var(--wp--preset--color--accent-4);border-top-width:1px;margin-top:var(--wp--preset--spacing--50);padding-top:var(--wp--preset--spacing--60);padding-bottom:var(--wp--preset--spacing--60)\">\n<div class=\"wp-block-group wp-container-content-0a059217 is-vertical is-layout-flex wp-container-core-group-is-layout-fe9cc265 wp-block-group-is-layout-flex\">\n<h3 class=\"wp-block-heading has-medium-font-size\" style=\"font-style:normal;font-weight:700\">Email<\/h3>\n\n\n\n<p class=\"has-text-align-left has-medium-font-size\"><\/p>\n\n\n\n<p>atelier@reliure-marchal.eu<\/p>\n\n\n\n<p>contact@reliure-sarel.fr<\/p>\n<\/div>\n\n\n\n<div class=\"wp-block-group wp-container-content-e9e3d78d is-layout-grid wp-container-core-group-is-layout-29271053 wp-block-group-is-layout-grid\">\n<div class=\"wp-block-group wp-container-content-b4c5012d has-global-padding is-layout-constrained wp-block-group-is-layout-constrained\">\n<h3 class=\"wp-block-heading has-medium-font-size\" style=\"font-style:normal;font-weight:700\">Atelier Marchal et Sarel<\/h3>\n\n\n\n<p>2 rue du Gabon<\/p>\n\n\n\n<p>67400 ILLKIRCH<\/p>\n\n\n\n<p>T\u00e9l 06 89 57 18 51<\/p>\n<\/div>\n\n\n\n<div class=\"wp-block-group wp-container-content-b4c5012d has-global-padding is-layout-constrained wp-block-group-is-layout-constrained\">\n<h3 class=\"wp-block-heading has-medium-font-size\" style=\"font-style:normal;font-weight:700\">Atelier SAREL<\/h3>\n\n\n\n<p>54 rue Marc Seguin<\/p>\n\n\n\n<p>68200 MULHOUSE<\/p>\n\n\n\n<p>T\u00e9l 03 89 55 30 97<\/p>\n<\/div>\n<\/div>\n<\/div>\n<\/div>\n<\/div>\n\n\n\n<p>Si\u00e8ge social : 2 rue du Gabon 67400 ILLKIRCH <\/p>\n\n\n\n<p>Siret 834 563 256 00017  TVA Intra FR82834563256 <\/p>\n\n\n\n<p>SAS au capital de 1000\u20ac <\/p>\n\n\n\n<p>Inscrit au registre des M\u00e9tiers sous le num\u00e9ro RE670<\/p>\n\n\n\n<p>publication: Didier Marchal, h\u00e9bergeur OVH SAS est une filiale de la soci\u00e9t\u00e9 OVH Groupe SA, soci\u00e9t\u00e9 immatricul\u00e9e au RCS de Lille sous le num\u00e9ro&nbsp;<em>537 407 926 sise 2, rue Kellermann, 59100 Roubaix<\/em>.<\/p>\n\n\n\n<p>Nous n&#8217;utilisons pas de cookies ni ne collectons de donn\u00e9e personnelle d&#8217;aucune sorte. Notre site n&#8217;\u00e9tant pas un site marchand, nous n&#8217;avons pas publi\u00e9 de conditions g\u00e9n\u00e9rales de vente. <\/p>\n\n\n\n<p> <\/p>\n","protected":false},"excerpt":{"rendered":"<p>Atelier de Reliure SAREL 54 rue Marc Seguin 68200 MULHOUSE A propos de l&#8217; Atelier L&#8217;Atelier de Reliures SAREL a \u00e9t\u00e9 cr\u00e9\u00e9 en 1949, et fonctionne sans interruption depuis cette date. Aujourd&#8217;hui, l&#8217;Atelier emploie 3 personnes \u00e0 Mulhouse et est rattach\u00e9 \u00e0 la SAS &#8220;Ateliers de Reliure SAREL et Marchal&#8221;, avec au total 5 artisans [&hellip;]<\/p>\n","protected":false},"author":1,"featured_media":0,"parent":0,"menu_order":0,"comment_status":"closed","ping_status":"closed","template":"","meta":{"footnotes":""},"class_list":["post-6","page","type-page","status-publish","hentry"],"_links":{"self":[{"href":"https:\/\/reliure-sarel.eu\/index.php\/wp-json\/wp\/v2\/pages\/6","targetHints":{"allow":["GET"]}}],"collection":[{"href":"https:\/\/reliure-sarel.eu\/index.php\/wp-json\/wp\/v2\/pages"}],"about":[{"href":"https:\/\/reliure-sarel.eu\/index.php\/wp-json\/wp\/v2\/types\/page"}],"author":[{"embeddable":true,"href":"https:\/\/reliure-sarel.eu\/index.php\/wp-json\/wp\/v2\/users\/1"}],"replies":[{"embeddable":true,"href":"https:\/\/reliure-sarel.eu\/index.php\/wp-json\/wp\/v2\/comments?post=6"}],"version-history":[{"count":20,"href":"https:\/\/reliure-sarel.eu\/index.php\/wp-json\/wp\/v2\/pages\/6\/revisions"}],"predecessor-version":[{"id":79,"href":"https:\/\/reliure-sarel.eu\/index.php\/wp-json\/wp\/v2\/pages\/6\/revisions\/79"}],"wp:attachment":[{"href":"https:\/\/reliure-sarel.eu\/index.php\/wp-json\/wp\/v2\/media?parent=6"}],"curies":[{"name":"wp","href":"https:\/\/api.w.org\/{rel}","templated":true}]}}